{"id":49,"date":"2015-09-25T11:07:28","date_gmt":"2015-09-25T10:07:28","guid":{"rendered":"http:\/\/zzzinc.net\/crimsdodi\/?page_id=49"},"modified":"2020-10-01T10:09:02","modified_gmt":"2020-10-01T09:09:02","slug":"marco-teorico","status":"publish","type":"page","link":"https:\/\/crimenesdeodio.info\/ca\/marco-teorico\/","title":{"rendered":"Marc conceptual"},"content":{"rendered":"<p>El glossari de conceptes que aqu\u00ed s\u2019aporten est\u00e0 derivat de la normativa internacional en l\u2019\u00e0mbit dels delictes d\u2019odi, discriminaci\u00f3 i intoler\u00e0ncia. Inclou les aportacions de les <strong>Nacions Unides<\/strong>, <strong>l\u2019Organitzaci\u00f3 per a la Seguretat i la Cooperaci\u00f3 a Europa (OSCE)<\/strong>, el <strong>Consell d\u2019Europa<\/strong> i la <strong>Uni\u00f3 Europea<\/strong>.<\/p>\n<ul>\n<li><strong>Crim d&#8217;Odi<\/strong>: \u201cTota infracci\u00f3 penal, incloses les infraccions contra les persones i la propietat, quan la v\u00edctima, el lloc o l\u2019objecte de la infracci\u00f3 s\u00f3n seleccionats a causa de la seva connexi\u00f3, relaci\u00f3, afiliaci\u00f3, suport o pertinen\u00e7a real o suposada a un grup que pugui estar basat en la \u201cra\u00e7a\u201d, origen nacional o \u00e8tnic, l\u2019idioma, el color, la religi\u00f3, l\u2019edat, la minusvalidesa f\u00edsica o mental, l\u2019orientaci\u00f3 sexual o altres factors similars, siguin reals o suposats\u201d.<br \/>\n<em>OSCE (2003)<\/em><\/li>\n<li><strong>Discurs d&#8217;Odi<\/strong>: \u201cTotes les formes d\u2019expressi\u00f3 que propaguin, incitin, promoguin o justifiquin l\u2019odi racial, la xenof\u00f2bia, l\u2019antisemitisme o altres formes d\u2019odi basades en la intoler\u00e0ncia, inclosa la intoler\u00e0ncia expressada per agressiu nacionalisme i l\u2019etnocentrisme, la discriminaci\u00f3 i l\u2019hostilitat contra les minories, els immigrants i les persones d\u2019origen immigrant\u201d.<br \/>\n<em>Recomanaci\u00f3 97-1997 del Consell d&#8217;Europa.<\/em><\/li>\n<li><strong>Incident d&#8217;Odi<\/strong>: \u201cQualsevol incident que es percep com a infracci\u00f3 motivada per intoler\u00e0ncia per part de la v\u00edctima o qualsevol altra persona.\u201d <em><br \/>\nRecomanaci\u00f3 11 de la pol\u00edtica general de la Comissi\u00f3 Europea Contra el Racisme i la Intoler\u00e0ncia (ECRI) del Consell d&#8217;Europa.<\/em><\/li>\n<\/ul>\n<h3>CONCEPTES:<\/h3>\n<ul>\n<li><strong>ANTISEMITISME<\/strong>: Odi, hostilitat i prejudicis de tipus religi\u00f3s, racial, cultural o \u00e8tnic cap a les persones jueves o negaci\u00f3 de l\u2019Holocaust nazi.<\/li>\n<li><strong>APOROF\u00d2BIA<\/strong>: Aversi\u00f3 i menyspreu a les persones pobres. Odi a les persones sense mitjans, desemparades, especialment cap als \u201csense sostre\u201d.<\/li>\n<li><strong>DISF\u00d2BIA<\/strong>: Rebuig, menyspreu i prejudicis cap a les persones amb diversitat funcional i la seva realitat social.<\/li>\n<li><strong>HOMOF\u00d2BIA<\/strong>: Rebuig, prejudici, menyspreu o discriminaci\u00f3 cap a les persones que es reconeixen a si mateixes com a homosexuals o s\u00f3n percebuts com a tal.<\/li>\n<li><strong>ISLAMOF\u00d2BIA<\/strong>: Sentiment i actitud de rebuig i hostilitat cap a l\u2019islam i, per extensi\u00f3, cap a les persones musulmanes i la seva realitat social.<\/li>\n<li><strong>MISOG\u00cdNIA<\/strong>*: Aversi\u00f3 o odi a la dona. Tend\u00e8ncia ideol\u00f2gica o psicol\u00f2gica que consisteix a menysprear la dona com a g\u00e8nere i a tot el que es considera com a femen\u00ed.<\/li>\n<li><strong>ODI IDEOL\u00d2GIC<\/strong>: Actitud intolerant cap a les persones per la seva adscripci\u00f3 o simpatia, real o suposada, a una ideologia democr\u00e0tica.<\/li>\n<li><strong>RACISME I XENOF\u00d2BIA<\/strong>: Hostilitat, rebuig o odi cap a persones estrangeres o percebudes com a tals, basat en prejudicis \u00e8tnics, racials i culturals.<\/li>\n<li><strong>ROMAF\u00d2BIA<\/strong>: Totes les manifestacions d\u2019odi \u00e8tnic dirigides espec\u00edficament contra el poble gitano. Tamb\u00e9 s&#8217;anomena antigitanisme.<\/li>\n<li><strong>TRANSF\u00d2BIA<\/strong>: Odi, actituds i sentiments negatius envers les persones transsexuals, basat en l\u2019expressi\u00f3 de la seva identitat de g\u00e8nere interna.<\/li>\n<li><strong>VIOL\u00c8NCIA ULTRA<\/strong>: Crims comesos per seguidors ultres que els perpetren motivats per l&#8217;odi contra altres aficions per la seva proced\u00e8ncia o adscripci\u00f3 ideol\u00f2gica, sigui real o suposada.<\/li>\n<li><strong>ALTRES<\/strong>: Crims comesos utilitzant com a excusa qualsevol altra caracter\u00edstica de la v\u00edctima o en un acte de viol\u00e8ncia gratu\u00efta. Tamb\u00e9 quan el botx\u00ed \u00e9s simpatitzant o militant de grups que fomenten l&#8217;odi cap a col\u00b7lectius vulnerables.<\/li>\n<\/ul>\n<p>* Els crims d&#8217;odi per misog\u00ednia no estan incorporats en aquesta investigaci\u00f3 perqu\u00e8 ja hi ha un registre d&#8217;aquest tipus de crims a la p\u00e0gina web <a href=\"https:\/\/feminicidio.net\">feminicidio.net<\/a><\/p>\n","protected":false},"excerpt":{"rendered":"<p>El glossari de conceptes que aqu\u00ed s\u2019aporten est\u00e0 derivat de la normativa internacional en l\u2019\u00e0mbit dels delictes d\u2019odi, discriminaci\u00f3 i intoler\u00e0ncia. Inclou les aportacions de les Nacions Unides, l\u2019Organitzaci\u00f3 per a la Seguretat i la Cooperaci\u00f3 a Europa (OSCE), el Consell d\u2019Europa i la Uni\u00f3 Europea. Crim d&#8217;Odi: \u201cTota infracci\u00f3\u2026<\/p>\n<p> <a class=\"continue-reading-link\" href=\"https:\/\/crimenesdeodio.info\/ca\/marco-teorico\/\"><span>Continue reading<\/span><i class=\"crycon-right-dir\"><\/i><\/a> <\/p>\n","protected":false},"author":1,"featured_media":0,"parent":0,"menu_order":0,"comment_status":"closed","ping_status":"closed","template":"","meta":{"_acf_changed":false,"footnotes":""},"class_list":["post-49","page","type-page","status-publish","hentry"],"acf":[],"_links":{"self":[{"href":"https:\/\/crimenesdeodio.info\/ca\/wp-json\/wp\/v2\/pages\/49","targetHints":{"allow":["GET"]}}],"collection":[{"href":"https:\/\/crimenesdeodio.info\/ca\/wp-json\/wp\/v2\/pages"}],"about":[{"href":"https:\/\/crimenesdeodio.info\/ca\/wp-json\/wp\/v2\/types\/page"}],"author":[{"embeddable":true,"href":"https:\/\/crimenesdeodio.info\/ca\/wp-json\/wp\/v2\/users\/1"}],"replies":[{"embeddable":true,"href":"https:\/\/crimenesdeodio.info\/ca\/wp-json\/wp\/v2\/comments?post=49"}],"version-history":[{"count":35,"href":"https:\/\/crimenesdeodio.info\/ca\/wp-json\/wp\/v2\/pages\/49\/revisions"}],"predecessor-version":[{"id":1812,"href":"https:\/\/crimenesdeodio.info\/ca\/wp-json\/wp\/v2\/pages\/49\/revisions\/1812"}],"wp:attachment":[{"href":"https:\/\/crimenesdeodio.info\/ca\/wp-json\/wp\/v2\/media?parent=49"}],"curies":[{"name":"wp","href":"https:\/\/api.w.org\/{rel}","templated":true}]}}