{"id":60,"date":"2015-09-28T14:09:18","date_gmt":"2015-09-28T13:09:18","guid":{"rendered":"http:\/\/zzzinc.net\/crimsdodi\/?page_id=60"},"modified":"2020-10-06T07:00:56","modified_gmt":"2020-10-06T06:00:56","slug":"sobre-el-proyecto","status":"publish","type":"page","link":"https:\/\/crimenesdeodio.info\/ca\/sobre-el-proyecto\/","title":{"rendered":"Sobre el projecte"},"content":{"rendered":"<p>El projecte <strong>crimenesdeodio.info<\/strong> est\u00e0 coordinat pels periodistes David Bou i Miquel Ramos, amb la col\u00b7laboraci\u00f3 de diverses persones que treballen en l\u2019\u00e0mbit de la prevenci\u00f3 i la sensibilitzaci\u00f3 en mat\u00e8ria de delictes d\u2019odi. L\u2019actualitzaci\u00f3 del mapa fins a l\u2019any 2020 ha estat coordinada amb SOS RACISME del Pa\u00eds Valenci\u00e0. El disseny gr\u00e0fic ha estat realitzat per Diego Mu\u00f1oz i la programaci\u00f3 web per Gerald Kogler.<\/p>\n<p>Contacte: <a href=\"mailto:info@crimenesdeodio.info\">info@crimenesdeodio.info<\/a><\/p>\n<p><!--Informaci\u00f3 sobre <a href=\"https:\/\/crimenesdeodio.info\/dev\/ca\/copyleft\/\">programari i dades<\/a>.--><\/p>\n","protected":false},"excerpt":{"rendered":"<p>El projecte crimenesdeodio.info est\u00e0 coordinat pels periodistes David Bou i Miquel Ramos, amb la col\u00b7laboraci\u00f3 de diverses persones que treballen en l\u2019\u00e0mbit de la prevenci\u00f3 i la sensibilitzaci\u00f3 en mat\u00e8ria de delictes d\u2019odi. L\u2019actualitzaci\u00f3 del mapa fins a l\u2019any 2020 ha estat coordinada amb SOS RACISME del Pa\u00eds Valenci\u00e0. El\u2026<\/p>\n<p> <a class=\"continue-reading-link\" href=\"https:\/\/crimenesdeodio.info\/ca\/sobre-el-proyecto\/\"><span>Continue reading<\/span><i class=\"crycon-right-dir\"><\/i><\/a> <\/p>\n","protected":false},"author":1,"featured_media":0,"parent":0,"menu_order":0,"comment_status":"closed","ping_status":"closed","template":"","meta":{"_acf_changed":false,"footnotes":""},"class_list":["post-60","page","type-page","status-publish","hentry"],"acf":[],"_links":{"self":[{"href":"https:\/\/crimenesdeodio.info\/ca\/wp-json\/wp\/v2\/pages\/60","targetHints":{"allow":["GET"]}}],"collection":[{"href":"https:\/\/crimenesdeodio.info\/ca\/wp-json\/wp\/v2\/pages"}],"about":[{"href":"https:\/\/crimenesdeodio.info\/ca\/wp-json\/wp\/v2\/types\/page"}],"author":[{"embeddable":true,"href":"https:\/\/crimenesdeodio.info\/ca\/wp-json\/wp\/v2\/users\/1"}],"replies":[{"embeddable":true,"href":"https:\/\/crimenesdeodio.info\/ca\/wp-json\/wp\/v2\/comments?post=60"}],"version-history":[{"count":29,"href":"https:\/\/crimenesdeodio.info\/ca\/wp-json\/wp\/v2\/pages\/60\/revisions"}],"predecessor-version":[{"id":1890,"href":"https:\/\/crimenesdeodio.info\/ca\/wp-json\/wp\/v2\/pages\/60\/revisions\/1890"}],"wp:attachment":[{"href":"https:\/\/crimenesdeodio.info\/ca\/wp-json\/wp\/v2\/media?parent=60"}],"curies":[{"name":"wp","href":"https:\/\/api.w.org\/{rel}","templated":true}]}}