{"id":49,"date":"2015-09-25T11:07:28","date_gmt":"2015-09-25T10:07:28","guid":{"rendered":"http:\/\/zzzinc.net\/crimsdodi\/?page_id=49"},"modified":"2020-10-01T10:09:02","modified_gmt":"2020-10-01T09:09:02","slug":"marco-teorico","status":"publish","type":"page","link":"https:\/\/crimenesdeodio.info\/es\/marco-teorico\/","title":{"rendered":"Marco conceptual"},"content":{"rendered":"<p>El glosario de conceptos que aqu\u00ed se aportan est\u00e1 derivado de la normativa internacional en el \u00e1mbito de los delitos de odio, discriminaci\u00f3n e intolerancia. Incluye las aportaciones de las <b>Naciones Unidas<\/b>, la <b>Organizaci\u00f3n para la Seguridad y la Cooperaci\u00f3n en Europa (OSCE)<\/b>, el <b>Consejo de Europa<\/b> y la <b>Uni\u00f3n Europea<\/b>.<\/p>\n<ul>\n<li><b>Crimen de Odio: <\/b>\u201cToda infracci\u00f3n penal, incluidas las infracciones contra las personas y la propiedad, cuando la v\u00edctima, el lugar o el objeto de la infracci\u00f3n son seleccionados debido a su conexi\u00f3n, relaci\u00f3n, afiliaci\u00f3n, apoyo o pertenencia real o supuesta a un grupo que pueda estar basado en la \u00abraza\u00bb, origen nacional o \u00e9tnico, el idioma, el color, la religi\u00f3n, la edad, la minusval\u00eda f\u00edsica o mental, la orientaci\u00f3n sexual u otros factores similares, ya sean reales o supuestos\u201d.<br \/>\n<i>OSCE (2003)<\/i><\/li>\n<li><b>Discurso de Odio: <\/b>\u201cTodas las formas de expresi\u00f3n que propaguen, inciten, promuevan o justifiquen el odio racial, la xenofobia, el antisemitismo u otras formas de odio basadas en la intolerancia, incluida la intolerancia expresada por agresivo nacionalismo y el etnocentrismo, la discriminaci\u00f3n y la hostilidad contra las minor\u00edas, los inmigrantes y las personas de origen inmigrante\u201d.<br \/>\n<i>Recomendaci\u00f3n 97-1997 del Consejo de Europa.<\/i><\/li>\n<li><b>Incidente de Odio: <\/b>\u201cCualquier incidente que se percibe como infracci\u00f3n motivada por intolerancia por parte de la v\u00edctima o cualquier otra persona\u201d.<br \/>\n<i>Recomendaci\u00f3n 11 de la pol\u00edtica general de la Comisi\u00f3n Europea contra el Racismo y la Intolerancia (ECRI) del Consejo de Europa.<\/i><\/li>\n<\/ul>\n<h3>CONCEPTOS:<\/h3>\n<ul>\n<li><strong>ANTISEMITISMO<\/strong>: Odio, hostilidad y prejuicio de tipo religioso, racial, cultural o \u00e9tnico hacia las personas jud\u00edas o negaci\u00f3n del Holocausto nazi.<\/li>\n<li><strong>APOROFOBIA<\/strong>: Aversi\u00f3n y el desprecio al pobre. Odio a las personas sin medios, desamparadas, especialmente los \u00absin techo\u00bb.<\/li>\n<li><strong>DISFOBIA<\/strong>: Rechazo, desprecio y prejuicios hacia las personas con diversidad funcional y su realidad social.<\/li>\n<li><strong>HOMOFOBIA<\/strong>: Rechazo, prejuicio, odio, desprecio o discriminaci\u00f3n hacia las personas que se reconocen a s\u00ed mismas como homosexuales o son percibidas como tal.<\/li>\n<li><strong>ISLAMOFOBIA<\/strong>: Sentimiento y actitud de rechazo y hostilidad hacia el islam y, por extensi\u00f3n, a las personas musulmanas y su realidad social.<\/li>\n<li><strong>RACISMO I XENOFOBIA<\/strong>: Hostilidad, rechazo u odio hacia las personas extranjeras o percibidas como tal basado en prejuicios \u00e9tnicos, raciales y culturales.<\/li>\n<li><strong>MISOGINIA<\/strong> *: Aversi\u00f3n u odio a la mujer. Tendencia ideol\u00f3gica o psicol\u00f3gica que consiste en despreciar a la mujer como g\u00e9nero y, con ello, todo lo considerado como femenino.<\/li>\n<li><strong>ODIO IDEOL\u00d3GICO<\/strong>: Actitud intolerante hacia las personas por su adscripci\u00f3n o simpat\u00eda, real o supuesta, a una ideolog\u00eda democr\u00e1tica.<\/li>\n<li><strong>ROMAFOBIA<\/strong>: Todas las manifestaciones de odio \u00e9tnico dirigidas espec\u00edficamente contra el pueblo gitano. Tambi\u00e9n se conoce como antigitanismo.<\/li>\n<li><strong>TRANSFOBIA<\/strong>: Odio, actitudes y sentimientos negativos hacia las personas transexuales, basado en la expresi\u00f3n de su identidad de g\u00e9nero interna.<\/li>\n<li><strong>VIOLENCIA ULTRA<\/strong>: Cr\u00edmenes cometidos por seguidores ultras cuya motivaci\u00f3n para perpetrarlos es el odio contra otras aficiones por su procedencia o adscripci\u00f3n ideol\u00f3gica, sea real o supuesta.<\/li>\n<li><strong>OTROS<\/strong>: Cr\u00edmenes cometidos utilizando como excusa cualquier otra caracter\u00edstica de la v\u00edctima o en un acto de violencia gratuita. Tambi\u00e9n cuando el verdugo es simpatizante o militante de grupos que fomentan odio contra colectivos vulnerables.<\/li>\n<\/ul>\n<p>*Los cr\u00edmenes de odio por misog\u00ednia no est\u00e1n incorporados en esta investigaci\u00f3n porque ya existe un registro de este tipo de cr\u00edmenes en la p\u00e1gina web <a href=\"https:\/\/feminicidio.net\">feminicidio.net<\/a><\/p>\n","protected":false},"excerpt":{"rendered":"<p>El glosario de conceptos que aqu\u00ed se aportan est\u00e1 derivado de la normativa internacional en el \u00e1mbito de los delitos de odio, discriminaci\u00f3n e intolerancia. Incluye las aportaciones de las Naciones Unidas, la Organizaci\u00f3n para la Seguridad y la Cooperaci\u00f3n en Europa (OSCE), el Consejo de Europa y la Uni\u00f3n\u2026<\/p>\n<p> <a class=\"continue-reading-link\" href=\"https:\/\/crimenesdeodio.info\/es\/marco-teorico\/\"><span>Continue reading<\/span><i class=\"crycon-right-dir\"><\/i><\/a> <\/p>\n","protected":false},"author":1,"featured_media":0,"parent":0,"menu_order":0,"comment_status":"closed","ping_status":"closed","template":"","meta":{"_acf_changed":false,"footnotes":""},"class_list":["post-49","page","type-page","status-publish","hentry"],"acf":[],"_links":{"self":[{"href":"https:\/\/crimenesdeodio.info\/es\/wp-json\/wp\/v2\/pages\/49","targetHints":{"allow":["GET"]}}],"collection":[{"href":"https:\/\/crimenesdeodio.info\/es\/wp-json\/wp\/v2\/pages"}],"about":[{"href":"https:\/\/crimenesdeodio.info\/es\/wp-json\/wp\/v2\/types\/page"}],"author":[{"embeddable":true,"href":"https:\/\/crimenesdeodio.info\/es\/wp-json\/wp\/v2\/users\/1"}],"replies":[{"embeddable":true,"href":"https:\/\/crimenesdeodio.info\/es\/wp-json\/wp\/v2\/comments?post=49"}],"version-history":[{"count":35,"href":"https:\/\/crimenesdeodio.info\/es\/wp-json\/wp\/v2\/pages\/49\/revisions"}],"predecessor-version":[{"id":1812,"href":"https:\/\/crimenesdeodio.info\/es\/wp-json\/wp\/v2\/pages\/49\/revisions\/1812"}],"wp:attachment":[{"href":"https:\/\/crimenesdeodio.info\/es\/wp-json\/wp\/v2\/media?parent=49"}],"curies":[{"name":"wp","href":"https:\/\/api.w.org\/{rel}","templated":true}]}}