{"id":60,"date":"2015-09-28T14:09:18","date_gmt":"2015-09-28T13:09:18","guid":{"rendered":"http:\/\/zzzinc.net\/crimsdodi\/?page_id=60"},"modified":"2020-10-06T07:00:56","modified_gmt":"2020-10-06T06:00:56","slug":"sobre-el-proyecto","status":"publish","type":"page","link":"https:\/\/crimenesdeodio.info\/es\/sobre-el-proyecto\/","title":{"rendered":"Sobre el proyecto"},"content":{"rendered":"<p>El proyecto <strong>crimenesdeodio.info<\/strong> est\u00e1 coordinado por los periodistas David Bou y Miquel Ramos, con la colaboraci\u00f3n de varias personas que trabajan en el \u00e1mbito de la prevenci\u00f3n y la sensibilizaci\u00f3n en materia de delitos de odio. La actualizaci\u00f3n del mapa hasta el a\u00f1o 2020 ha sido coordinada con SOS RACISME del Pa\u00eds Valenci\u00e0. El dise\u00f1o gr\u00e1fico ha sido realizado por Diego Mu\u00f1oz y la programaci\u00f3n web por Gerald Kogler.<\/p>\n<p>Contacto: <a href=\"mailto:info@crimenesdeodio.info\">info@crimenesdeodio.info<\/a><\/p>\n<p><!--Informaci\u00f3n sobre <a href=\"https:\/\/crimenesdeodio.info\/dev\/es\/copyleft\/\">software y datos<\/a>.--><\/p>\n","protected":false},"excerpt":{"rendered":"<p>El proyecto crimenesdeodio.info est\u00e1 coordinado por los periodistas David Bou y Miquel Ramos, con la colaboraci\u00f3n de varias personas que trabajan en el \u00e1mbito de la prevenci\u00f3n y la sensibilizaci\u00f3n en materia de delitos de odio. La actualizaci\u00f3n del mapa hasta el a\u00f1o 2020 ha sido coordinada con SOS RACISME\u2026<\/p>\n<p> <a class=\"continue-reading-link\" href=\"https:\/\/crimenesdeodio.info\/es\/sobre-el-proyecto\/\"><span>Continue reading<\/span><i class=\"crycon-right-dir\"><\/i><\/a> <\/p>\n","protected":false},"author":1,"featured_media":0,"parent":0,"menu_order":0,"comment_status":"closed","ping_status":"closed","template":"","meta":{"_acf_changed":false,"footnotes":""},"class_list":["post-60","page","type-page","status-publish","hentry"],"acf":[],"_links":{"self":[{"href":"https:\/\/crimenesdeodio.info\/es\/wp-json\/wp\/v2\/pages\/60","targetHints":{"allow":["GET"]}}],"collection":[{"href":"https:\/\/crimenesdeodio.info\/es\/wp-json\/wp\/v2\/pages"}],"about":[{"href":"https:\/\/crimenesdeodio.info\/es\/wp-json\/wp\/v2\/types\/page"}],"author":[{"embeddable":true,"href":"https:\/\/crimenesdeodio.info\/es\/wp-json\/wp\/v2\/users\/1"}],"replies":[{"embeddable":true,"href":"https:\/\/crimenesdeodio.info\/es\/wp-json\/wp\/v2\/comments?post=60"}],"version-history":[{"count":29,"href":"https:\/\/crimenesdeodio.info\/es\/wp-json\/wp\/v2\/pages\/60\/revisions"}],"predecessor-version":[{"id":1890,"href":"https:\/\/crimenesdeodio.info\/es\/wp-json\/wp\/v2\/pages\/60\/revisions\/1890"}],"wp:attachment":[{"href":"https:\/\/crimenesdeodio.info\/es\/wp-json\/wp\/v2\/media?parent=60"}],"curies":[{"name":"wp","href":"https:\/\/api.w.org\/{rel}","templated":true}]}}